{"id":1185,"date":"2021-07-12T18:19:42","date_gmt":"2021-07-12T18:19:42","guid":{"rendered":"http:\/\/www.quimipol.mx?page_id=1185"},"modified":"2021-07-20T01:59:20","modified_gmt":"2021-07-20T01:59:20","slug":"familias","status":"publish","type":"page","link":"https:\/\/www.quimipol.mx\/en\/familias\/","title":{"rendered":"Families"},"content":{"rendered":"<div class=\"banner has-hover\" id=\"banner-2118016761\">\n          <div class=\"banner-inner fill\">\n        <div class=\"banner-bg fill\" >\n            <div class=\"bg fill bg-fill\"><\/div>\n                                    \n                    <\/div>\n        <div class=\"banner-layers container\">\n            <div class=\"fill banner-link\"><\/div>            \n\n   <div id=\"text-box-1943602185\" class=\"text-box banner-layer x50 md-x50 lg-x50 y50 md-y50 lg-y50 res-text\">\n                                <div class=\"text-box-content text dark\">\n              \n              <div class=\"text-inner text-center\">\n                  \n\n<h3 class=\"uppercase\"><strong>Families<\/strong><\/h3>\n<p>En Qu\u00edmicos y Pol\u00edmeros Corporation S.A. de C.V., contamos con una gran variedad de productos qu\u00edmicos para atender las diferentes actividades productivas de diferentes industrias como son las del hule, textil, llantera, adhesivos, pinturas, pl\u00e1sticos, modificaci\u00f3n de asfaltos, partes automotrices, industriales y alimentos, entre los que se destacan las siguientes familias de productos:<\/p>\n\n              <\/div>\n           <\/div>\n                            \n<style>\n#text-box-1943602185 {\n  width: 60%;\n}\n#text-box-1943602185 .text-box-content {\n  font-size: 100%;\n}\n<\/style>\n    <\/div>\n \n\n        <\/div>\n      <\/div>\n\n            \n<style>\n#banner-2118016761 {\n  padding-top: 250px;\n}\n<\/style>\n  <\/div>\n\n\n<div class=\"text-center\"><div class=\"is-divider divider clearfix\" style=\"max-width:500px;height:5px;\"><\/div><\/div>\n\n<p><strong>Hules<\/strong><\/p>\n<p style=\"text-align: justify;\">Hule Natural nacional y de importaci\u00f3n, para aplicaci\u00f3n en compuestos vulcanizados de alto desempe\u00f1o, as\u00ed como gran variedad de Hules Sint\u00e9ticos, incluyendo hules de Emulsi\u00f3n SBR, NBR, y hules de soluci\u00f3n como SBS, S-SBR, SEBS, EPDM, IR, entre otros, para ser utilizados tanto para compuestos vulcanizados como compuestos termopl\u00e1sticos de alta reciclabilidad. Cada uno de nuestros productos son producidos por fabricantes l\u00edderes en los mercados a los que van dirigidos, y cumpliendo con los m\u00e1s altos est\u00e1ndares de calidad para cada una de las aplicaciones en las que son utilizados. Tambi\u00e9n se incluye en nuestra cartera hules para aplicaciones especiales, como mezclas NBR \/ PVC con caracter\u00edsticas especiales como alta resistencia a la abrasi\u00f3n a solventes org\u00e1nicos y aceites y hules grado alimenticio, para formulaci\u00f3n de goma de mascar.<\/p>\n<div class=\"text-center\"><div class=\"is-divider divider clearfix\" style=\"max-width:500px;height:5px;\"><\/div><\/div>\n\n<p><strong>Negro de Humo<\/strong><\/p>\n<p style=\"text-align: justify;\">Reforzante de hule para fabricaci\u00f3n de piezas automotrices, llantas, bandas, tapetes, pigmento en compuestos pl\u00e1sticos, fabricaci\u00f3n de tintas para impresi\u00f3n.<\/p>\n<div class=\"text-center\"><div class=\"is-divider divider clearfix\" style=\"max-width:500px;height:5px;\"><\/div><\/div>\n\n<p><strong>Hule Grado Alimenticio<\/strong><\/p>\n<p style=\"text-align: justify;\">Pol\u00edmeros que modifican las propiedades visco el\u00e1sticas de la goma base utilizada en la fabricaci\u00f3n de goma de mascar. Manejamos dos tipos: PVA con denominaci\u00f3n Resina CHA y hules sint\u00e9ticos del tipo SBR con marca comercial INSAGUM.<\/p>\n<div class=\"text-center\"><div class=\"is-divider divider clearfix\" style=\"max-width:500px;height:5px;\"><\/div><\/div>\n\n<p><strong>Cargas Blancas<\/strong><\/p>\n<p style=\"text-align: justify;\">Reforzante de hules, para aplicaci\u00f3n en compuestos blancos o de colores claros, usados para mejorar la resistencia a la fricci\u00f3n, o como espesantes, veh\u00edculo para dosificar aditivos l\u00edquidos, antiapelmazante, etc.<\/p>\n<div class=\"text-center\"><div class=\"is-divider divider clearfix\" style=\"max-width:500px;height:5px;\"><\/div><\/div>\n\n<p><strong>Productos para Adhesivos<\/strong><\/p>\n<p style=\"text-align: justify;\">Amplia variedad de Pol\u00edmeros SBS, S-SBR y SBR utilizados ampliamente para la formulaci\u00f3n de adhesivos Hot Melt (PSA) y base Solvente (de contacto), para aplicaciones como cintas adhesivas, etiquetas autoadhesivas, armado de pa\u00f1ales desechables, adhesivos de montaje en la fabricaci\u00f3n de calzado, pegado de hule espuma en la fabricaci\u00f3n de muebles y colchones, tapicer\u00eda, etc.<\/p>\n<div class=\"text-center\"><div class=\"is-divider divider clearfix\" style=\"max-width:500px;height:5px;\"><\/div><\/div>\n\n<p style=\"text-align: justify;\"><strong>Productos Varios<\/strong><\/p>\n<p style=\"text-align: justify;\">Aceleradores de vulcanizaci\u00f3n, antiozonantes, ceras antiozonantes, \u00e1cido este\u00e1rico, esponjantes, antioxidantes, Hule cloropreno, DOP; todos relacionados con la industria hulera y del pl\u00e1stico, para la fabricaci\u00f3n de partes automotrices e industriales, mangueras, tapetes, guantes, recubrimiento de rodillos, etc.<\/p>\n<div class=\"text-center\"><div class=\"is-divider divider clearfix\" style=\"max-width:500px;height:5px;\"><\/div><\/div>\n\n<p><strong>Adhesivos Hule-Metal<\/strong><\/p>\n<p style=\"text-align: justify;\">Somos distribuidores en M\u00e9xico de los adhesivos hule metal de la marca Dupont, los cuales son ampliamente utilizados para adherir compuestos de hule vulcanizado a estructuras met\u00e1licas en aplicaciones como partes automotrices, industriales con resistencia a temperatura, ataque qu\u00edmico, vibracion y abrasi\u00f3n.\u00a0<\/p>","protected":false},"excerpt":{"rendered":"","protected":false},"author":1,"featured_media":0,"parent":0,"menu_order":0,"comment_status":"closed","ping_status":"closed","template":"","meta":{"_monsterinsights_skip_tracking":false,"_monsterinsights_sitenote_active":false,"_monsterinsights_sitenote_note":"","_monsterinsights_sitenote_category":0},"yoast_head":"<!-- This site is optimized with the Yoast SEO plugin v18.2 - https:\/\/yoast.com\/wordpress\/plugins\/seo\/ -->\n<title>Familias - Qu&iacute;micos y Pol&iacute;meros Corporation S.A. de C.V.&reg;<\/title>\n<meta name=\"robots\" content=\"index, follow, max-snippet:-1, max-image-preview:large, max-video-preview:-1\" \/>\n<link rel=\"canonical\" href=\"https:\/\/www.quimipol.mx\/en\/familias\/\" \/>\n<meta property=\"og:locale\" content=\"en_US\" \/>\n<meta property=\"og:type\" content=\"article\" \/>\n<meta property=\"og:title\" content=\"Familias - Qu&iacute;micos y Pol&iacute;meros Corporation S.A. de C.V.&reg;\" \/>\n<meta property=\"og:url\" content=\"https:\/\/www.quimipol.mx\/en\/familias\/\" \/>\n<meta property=\"og:site_name\" content=\"Qu&iacute;micos y Pol&iacute;meros Corporation S.A. de C.V.&reg;\" \/>\n<meta property=\"article:publisher\" content=\"https:\/\/www.facebook.com\/quimicosypolimeros\" \/>\n<meta property=\"article:modified_time\" content=\"2021-07-20T01:59:20+00:00\" \/>\n<meta name=\"twitter:card\" content=\"summary_large_image\" \/>\n<script type=\"application\/ld+json\" class=\"yoast-schema-graph\">{\"@context\":\"https:\/\/schema.org\",\"@graph\":[{\"@type\":\"Organization\",\"@id\":\"https:\/\/www.quimipol.mx\/#organization\",\"name\":\"Quimicos y Polimeros\",\"url\":\"https:\/\/www.quimipol.mx\/\",\"sameAs\":[\"https:\/\/www.facebook.com\/quimicosypolimeros\",\"https:\/\/www.instagram.com\/quimicosypolimeros\/\",\"https:\/\/www.linkedin.com\/company\/quimicosypolimeroscorporation\",\"https:\/\/www.youtube.com\/channel\/UCYszrBcfRxbZIHbkLuHN_1A\"],\"logo\":{\"@type\":\"ImageObject\",\"@id\":\"https:\/\/www.quimipol.mx\/#logo\",\"inLanguage\":\"en-US\",\"url\":\"http:\/\/www.quimipol.mxwp-content\/uploads\/2021\/03\/cropped-PSULP8001DR07-scaled-1.jpg\",\"contentUrl\":\"http:\/\/www.quimipol.mxwp-content\/uploads\/2021\/03\/cropped-PSULP8001DR07-scaled-1.jpg\",\"width\":512,\"height\":512,\"caption\":\"Quimicos y Polimeros\"},\"image\":{\"@id\":\"https:\/\/www.quimipol.mx\/#logo\"}},{\"@type\":\"WebSite\",\"@id\":\"https:\/\/www.quimipol.mx\/#website\",\"url\":\"https:\/\/www.quimipol.mx\/\",\"name\":\"Qu\u00edmicos y Pol\u00edmeros Corporation S.A. de C.V.\u00ae\",\"description\":\"\",\"publisher\":{\"@id\":\"https:\/\/www.quimipol.mx\/#organization\"},\"potentialAction\":[{\"@type\":\"SearchAction\",\"target\":{\"@type\":\"EntryPoint\",\"urlTemplate\":\"https:\/\/www.quimipol.mx\/?s={search_term_string}\"},\"query-input\":\"required name=search_term_string\"}],\"inLanguage\":\"en-US\"},{\"@type\":\"WebPage\",\"@id\":\"http:\/\/www.quimipol.mx\/familias\/#webpage\",\"url\":\"http:\/\/www.quimipol.mx\/familias\/\",\"name\":\"Familias - Qu&iacute;micos y Pol&iacute;meros Corporation S.A. de C.V.&reg;\",\"isPartOf\":{\"@id\":\"https:\/\/www.quimipol.mx\/#website\"},\"datePublished\":\"2021-07-12T18:19:42+00:00\",\"dateModified\":\"2021-07-20T01:59:20+00:00\",\"breadcrumb\":{\"@id\":\"http:\/\/www.quimipol.mx\/familias\/#breadcrumb\"},\"inLanguage\":\"en-US\",\"potentialAction\":[{\"@type\":\"ReadAction\",\"target\":[\"http:\/\/www.quimipol.mx\/familias\/\"]}]},{\"@type\":\"BreadcrumbList\",\"@id\":\"http:\/\/www.quimipol.mx\/familias\/#breadcrumb\",\"itemListElement\":[{\"@type\":\"ListItem\",\"position\":1,\"name\":\"Inicio\",\"item\":\"http:\/\/www.quimipol.mx\/\"},{\"@type\":\"ListItem\",\"position\":2,\"name\":\"Familias\"}]}]}<\/script>\n<!-- \/ Yoast SEO plugin. -->","yoast_head_json":{"title":"Familias - Qu&iacute;micos y Pol&iacute;meros Corporation S.A. de C.V.&reg;","robots":{"index":"index","follow":"follow","max-snippet":"max-snippet:-1","max-image-preview":"max-image-preview:large","max-video-preview":"max-video-preview:-1"},"canonical":"https:\/\/www.quimipol.mx\/en\/familias\/","og_locale":"en_US","og_type":"article","og_title":"Familias - Qu&iacute;micos y Pol&iacute;meros Corporation S.A. de C.V.&reg;","og_url":"https:\/\/www.quimipol.mx\/en\/familias\/","og_site_name":"Qu&iacute;micos y Pol&iacute;meros Corporation S.A. de C.V.&reg;","article_publisher":"https:\/\/www.facebook.com\/quimicosypolimeros","article_modified_time":"2021-07-20T01:59:20+00:00","twitter_card":"summary_large_image","schema":{"@context":"https:\/\/schema.org","@graph":[{"@type":"Organization","@id":"https:\/\/www.quimipol.mx\/#organization","name":"Quimicos y Polimeros","url":"https:\/\/www.quimipol.mx\/","sameAs":["https:\/\/www.facebook.com\/quimicosypolimeros","https:\/\/www.instagram.com\/quimicosypolimeros\/","https:\/\/www.linkedin.com\/company\/quimicosypolimeroscorporation","https:\/\/www.youtube.com\/channel\/UCYszrBcfRxbZIHbkLuHN_1A"],"logo":{"@type":"ImageObject","@id":"https:\/\/www.quimipol.mx\/#logo","inLanguage":"en-US","url":"http:\/\/www.quimipol.mxwp-content\/uploads\/2021\/03\/cropped-PSULP8001DR07-scaled-1.jpg","contentUrl":"http:\/\/www.quimipol.mxwp-content\/uploads\/2021\/03\/cropped-PSULP8001DR07-scaled-1.jpg","width":512,"height":512,"caption":"Quimicos y Polimeros"},"image":{"@id":"https:\/\/www.quimipol.mx\/#logo"}},{"@type":"WebSite","@id":"https:\/\/www.quimipol.mx\/#website","url":"https:\/\/www.quimipol.mx\/","name":"Qu\u00edmicos y Pol\u00edmeros Corporation S.A. de C.V.\u00ae","description":"","publisher":{"@id":"https:\/\/www.quimipol.mx\/#organization"},"potentialAction":[{"@type":"SearchAction","target":{"@type":"EntryPoint","urlTemplate":"https:\/\/www.quimipol.mx\/?s={search_term_string}"},"query-input":"required name=search_term_string"}],"inLanguage":"en-US"},{"@type":"WebPage","@id":"http:\/\/www.quimipol.mx\/familias\/#webpage","url":"http:\/\/www.quimipol.mx\/familias\/","name":"Familias - Qu&iacute;micos y Pol&iacute;meros Corporation S.A. de C.V.&reg;","isPartOf":{"@id":"https:\/\/www.quimipol.mx\/#website"},"datePublished":"2021-07-12T18:19:42+00:00","dateModified":"2021-07-20T01:59:20+00:00","breadcrumb":{"@id":"http:\/\/www.quimipol.mx\/familias\/#breadcrumb"},"inLanguage":"en-US","potentialAction":[{"@type":"ReadAction","target":["http:\/\/www.quimipol.mx\/familias\/"]}]},{"@type":"BreadcrumbList","@id":"http:\/\/www.quimipol.mx\/familias\/#breadcrumb","itemListElement":[{"@type":"ListItem","position":1,"name":"Inicio","item":"http:\/\/www.quimipol.mx\/"},{"@type":"ListItem","position":2,"name":"Familias"}]}]}},"_links":{"self":[{"href":"https:\/\/www.quimipol.mx\/en\/wp-json\/wp\/v2\/pages\/1185"}],"collection":[{"href":"https:\/\/www.quimipol.mx\/en\/wp-json\/wp\/v2\/pages"}],"about":[{"href":"https:\/\/www.quimipol.mx\/en\/wp-json\/wp\/v2\/types\/page"}],"author":[{"embeddable":true,"href":"https:\/\/www.quimipol.mx\/en\/wp-json\/wp\/v2\/users\/1"}],"replies":[{"embeddable":true,"href":"https:\/\/www.quimipol.mx\/en\/wp-json\/wp\/v2\/comments?post=1185"}],"version-history":[{"count":8,"href":"https:\/\/www.quimipol.mx\/en\/wp-json\/wp\/v2\/pages\/1185\/revisions"}],"predecessor-version":[{"id":1230,"href":"https:\/\/www.quimipol.mx\/en\/wp-json\/wp\/v2\/pages\/1185\/revisions\/1230"}],"wp:attachment":[{"href":"https:\/\/www.quimipol.mx\/en\/wp-json\/wp\/v2\/media?parent=1185"}],"curies":[{"name":"wp","href":"https:\/\/api.w.org\/{rel}","templated":true}]}}